{"id":274,"date":"2020-03-17T20:36:24","date_gmt":"2020-03-17T20:36:24","guid":{"rendered":"https:\/\/fmgwidnau.ch\/?page_id=274"},"modified":"2025-06-13T20:41:36","modified_gmt":"2025-06-13T18:41:36","slug":"3x20jaehrige","status":"publish","type":"page","link":"https:\/\/fgwidnau.ch\/index.php\/3x20jaehrige\/","title":{"rendered":"3x20J\u00e4hrige"},"content":{"rendered":"\n<h1 class=\"wp-block-heading has-text-align-center\">3x20J\u00e4hrige<\/h1>\n\n\n\n<div style=\"height:100px\" aria-hidden=\"true\" class=\"wp-block-spacer\"><\/div>\n\n\n\n<p class=\"has-text-align-center\">Die<strong>&nbsp;3\u00d720 J\u00e4hrigen<\/strong>&nbsp;Frauen treffen sich zum gem\u00fctlichen Beisammensein und zum Gedankenaustausch.<\/p>\n\n\n\n<div style=\"height:100px\" aria-hidden=\"true\" class=\"wp-block-spacer\"><\/div>\n\n\n\n<p class=\"has-text-align-center\"><strong>N\u00e4chste Termine<\/strong><\/p>\n\n\n\n<div class=\"mec-wrap mec-skin-grid-container  \" id=\"mec_skin_2626\">\r\n\r\n    \r\n            <div class=\"mec-skin-grid-events-container\" id=\"mec_skin_events_2626\">\r\n        <div class=\"mec-wrap colorskin-custom\">\n    <div class=\"mec-event-grid-modern\">\n        <div class=\"row\"><div class=\"col-md-6 col-sm-6\">        <script type=\"application\/ld+json\">\n        {\n            \"@context\" \t\t: \"http:\/\/schema.org\",\n            \"@type\" \t\t: \"Event\",\n            \"startDate\" \t: \"2026-09-07\",\n            \"endDate\" \t\t: \"2026-09-07\",\n            \"location\" \t\t:\n            {\n                \"@type\" \t\t: \"Place\",\n                \"name\" \t\t\t: \"\",\n                \"image\"\t\t\t: \"\",\n                \"address\"\t\t: \"\"\n            },\n            \"offers\": {\n                \"url\": \"https:\/\/fgwidnau.ch\/index.php\/events\/ausfahrt-3x20\/\",\n                \"price\": \"\",\n                \"priceCurrency\" : \"CHF\"\n            },\n            \"performer\": \"\",\n            \"description\" \t: \"Treffpunkt Parkplatz Jakobihus\",\n            \"image\" \t\t: \"\",\n            \"name\" \t\t\t: \"Ausfahrt 3&#215;20\",\n            \"url\"\t\t\t: \"https:\/\/fgwidnau.ch\/index.php\/events\/ausfahrt-3x20\/\"\n        }\n        <\/script>\n        <article data-style=\"\" class=\" mec-event-article mec-clear \" itemscope>                    <div class=\"event-grid-modern-head clearfix\">\n                                    <div class=\"mec-event-date\"><span class=\"mec-start-date-label\">07<\/span><\/div>\n                    <div class=\"mec-event-month\"><span class=\"mec-start-date-label\">September<\/span><\/div>\n                                <div class=\"mec-event-day\">Montag<\/div>\n            <\/div>\n            <div class=\"mec-event-content\">\n                                <h4 class=\"mec-event-title\"><a class=\"mec-color-hover\" data-event-id=\"6930\" href=\"https:\/\/fgwidnau.ch\/index.php\/events\/ausfahrt-3x20\/\">Ausfahrt 3&#215;20<\/a><span class=\"event-color\" style=\"background: #\"><\/span><\/h4>\n                <div class=\"mec-event-detail\">\n                <\/div>\n            <\/div>\n            <div class=\"mec-event-footer\">\n                <a class=\"mec-booking-button\" data-event-id=\"6930\" href=\"https:\/\/fgwidnau.ch\/index.php\/events\/ausfahrt-3x20\/\" target=\"_self\">Details<\/a>\n                            <\/div>\n        <\/article><\/div>                        \t<\/div>\n<\/div>\n\n    <\/div>\r\n    <div class=\"mec-skin-grid-no-events-container mec-util-hidden\" id=\"mec_skin_no_events_2626\">\r\n        Keine Veranstaltung gefunden    <\/div>\r\n    \r\n    \r\n<\/div>\r\n\n\n\n\n<div style=\"height:100px\" aria-hidden=\"true\" class=\"wp-block-spacer\"><\/div>\n\n\n\n<div class=\"wp-block-columns is-layout-flex wp-container-core-columns-is-layout-9d6595d7 wp-block-columns-is-layout-flex\">\n<div class=\"wp-block-column is-layout-flow wp-block-column-is-layout-flow\">\n<figure class=\"wp-block-image size-large\"><img loading=\"lazy\" decoding=\"async\" width=\"1024\" height=\"755\" src=\"https:\/\/if01mpbqpmm.preview.infomaniak.website\/wp-content\/uploads\/2024\/02\/20230821_183615_CC-1024x755.jpg\" alt=\"\" class=\"wp-image-4687\" srcset=\"https:\/\/fgwidnau.ch\/wp-content\/uploads\/2024\/02\/20230821_183615_CC-1024x755.jpg 1024w, https:\/\/fgwidnau.ch\/wp-content\/uploads\/2024\/02\/20230821_183615_CC-300x221.jpg 300w, https:\/\/fgwidnau.ch\/wp-content\/uploads\/2024\/02\/20230821_183615_CC-768x566.jpg 768w, https:\/\/fgwidnau.ch\/wp-content\/uploads\/2024\/02\/20230821_183615_CC-1536x1133.jpg 1536w, https:\/\/fgwidnau.ch\/wp-content\/uploads\/2024\/02\/20230821_183615_CC-2048x1510.jpg 2048w, https:\/\/fgwidnau.ch\/wp-content\/uploads\/2024\/02\/20230821_183615_CC-1200x885.jpg 1200w, https:\/\/fgwidnau.ch\/wp-content\/uploads\/2024\/02\/20230821_183615_CC-1980x1460.jpg 1980w\" sizes=\"auto, (max-width: 1024px) 100vw, 1024px\" \/><\/figure>\n<\/div>\n\n\n\n<div class=\"wp-block-column is-layout-flow wp-block-column-is-layout-flow\">\n<div style=\"height:100px\" aria-hidden=\"true\" class=\"wp-block-spacer\"><\/div>\n\n\n\n<p>Kontakt<br><strong><strong>Nicole Stutz<\/strong><\/strong><br>&#8212;<br>079 216 08 17<\/p>\n<\/div>\n<\/div>\n\n\n\n<div style=\"height:100px\" aria-hidden=\"true\" class=\"wp-block-spacer\"><\/div>\n\n\n\n<div class=\"wp-block-buttons is-content-justification-center is-layout-flex wp-container-core-buttons-is-layout-16018d1d wp-block-buttons-is-layout-flex\">\n<div class=\"wp-block-button wp-block-buttons\"><a class=\"wp-block-button__link wp-element-button\" href=\"https:\/\/fgwidnau.ch\/index.php\/galerie\/\">zur fotogalerie<\/a><\/div>\n<\/div>\n","protected":false},"excerpt":{"rendered":"<p>3x20J\u00e4hrige Die&nbsp;3\u00d720 J\u00e4hrigen&nbsp;Frauen treffen sich zum gem\u00fctlichen Beisammensein und zum Gedankenaustausch. N\u00e4chste Termine KontaktNicole Stutz&#8212;079 216 08 17<\/p>\n","protected":false},"author":1,"featured_media":0,"parent":0,"menu_order":0,"comment_status":"closed","ping_status":"closed","template":"","meta":{"_acf_changed":false,"footnotes":""},"class_list":["post-274","page","type-page","status-publish","hentry"],"acf":[],"_links":{"self":[{"href":"https:\/\/fgwidnau.ch\/index.php\/wp-json\/wp\/v2\/pages\/274","targetHints":{"allow":["GET"]}}],"collection":[{"href":"https:\/\/fgwidnau.ch\/index.php\/wp-json\/wp\/v2\/pages"}],"about":[{"href":"https:\/\/fgwidnau.ch\/index.php\/wp-json\/wp\/v2\/types\/page"}],"author":[{"embeddable":true,"href":"https:\/\/fgwidnau.ch\/index.php\/wp-json\/wp\/v2\/users\/1"}],"replies":[{"embeddable":true,"href":"https:\/\/fgwidnau.ch\/index.php\/wp-json\/wp\/v2\/comments?post=274"}],"version-history":[{"count":14,"href":"https:\/\/fgwidnau.ch\/index.php\/wp-json\/wp\/v2\/pages\/274\/revisions"}],"predecessor-version":[{"id":6200,"href":"https:\/\/fgwidnau.ch\/index.php\/wp-json\/wp\/v2\/pages\/274\/revisions\/6200"}],"wp:attachment":[{"href":"https:\/\/fgwidnau.ch\/index.php\/wp-json\/wp\/v2\/media?parent=274"}],"curies":[{"name":"wp","href":"https:\/\/api.w.org\/{rel}","templated":true}]}}