{"id":2593,"date":"2020-04-05T13:52:29","date_gmt":"2020-04-05T13:52:29","guid":{"rendered":"https:\/\/fmgwidnau.ch\/?page_id=2593"},"modified":"2025-04-30T21:22:16","modified_gmt":"2025-04-30T19:22:16","slug":"impressum","status":"publish","type":"page","link":"https:\/\/fgwidnau.ch\/index.php\/impressum\/","title":{"rendered":"Impressum"},"content":{"rendered":"\n<h1 class=\"wp-block-heading has-text-align-center\">Impressum<\/h1>\n\n\n\n<div style=\"height:100px\" aria-hidden=\"true\" class=\"wp-block-spacer\"><\/div>\n\n\n\n<h6 class=\"wp-block-heading\"><strong>INFORMATIONEN ZUM SEITENINHABER<\/strong><\/h6>\n\n\n\n<p>Frauengemeinschaft Widnau<br>Fabienne Graber, Pr\u00e4sidentin<br>Meierenaustrasse 21<br>9443 Widnau<br><a href=\"mailto:praesidentin@fmgwidnau.ch\">praesidentin@fmgwidnau.ch<\/a><\/p>\n\n\n\n<div style=\"height:100px\" aria-hidden=\"true\" class=\"wp-block-spacer\"><\/div>\n\n\n\n<h6 class=\"wp-block-heading\"><strong>INHALT UND LINKS<\/strong><\/h6>\n\n\n\n<p>Die Frauengemeinschaft Widnau (nachfolgend FGW genannt) \u00fcbernimmt keine Haftung und Verantwortung f\u00fcr die Inhalte, Produkte, Leistungen oder Objekte, die auf den durch die Links erreichbaren Seiten angeboten werden. Jegliche Haftung der FGW (einschliesslich Fahrl\u00e4ssigkeit) f\u00fcr Sch\u00e4den oder Folgesch\u00e4den, die sich aus dem Zugriff auf die Elemente der FGW-Website oder deren Benutzung (bzw. aus der Unm\u00f6glichkeit des Zugriffs oder der Benutzung) ergeben, ist ausgeschlossen. Die auf der FGW-Website enthaltenen Informationen, Inhalte und Angebote k\u00f6nnen jederzeit \u00e4ndern.<\/p>\n\n\n\n<p>&nbsp;<\/p>\n\n\n\n<h6 class=\"wp-block-heading\"><strong>DATENSCHUTZ<\/strong><\/h6>\n\n\n\n<p>Bei der Bearbeitung von Personendaten h\u00e4lt sich die FGW an das schweizerische Datenschutz- und Fernmelderecht. Es werden nur Daten gespeichert und ausgewertet, welche f\u00fcr den Verbindungsaufbau, Kontaktaufnahme, die Betriebssicherheit und zur Aufrechterhaltung eines hohen Dienstleistungsgrades ben\u00f6tigt werden.<\/p>\n\n\n\n<p>&nbsp;<\/p>\n\n\n\n<h6 class=\"wp-block-heading\"><strong>HAFTUNGSAUSSCHLUSS<\/strong><\/h6>\n\n\n\n<p>Die FGW stellt die Inhalte dieser Internetseite mit grosser Sorgfalt zusammen und sorgt f\u00fcr deren regelm\u00e4ssige Aktualisierung.<\/p>\n\n\n\n<p>Die FGW \u00fcbernimmt keine Gew\u00e4hr f\u00fcr die Aktualit\u00e4t, Richtigkeit und Vollst\u00e4ndigkeit der Informationen auf diesen Seiten oder den jederzeitigen st\u00f6rungsfreien Zugang. Bei Verweisen (Links) auf Internetseiten Dritter \u00fcbernimmt die FGW keine Verantwortung f\u00fcr die Inhalte der verlinkten Seiten.<\/p>\n\n\n\n<p>&nbsp;<\/p>\n\n\n\n<h6 class=\"wp-block-heading\"><strong>URHEBERRECHT<\/strong><\/h6>\n\n\n\n<p>Das Urheberrecht f\u00fcr s\u00e4mtliche Inhalte der Website sowie f\u00fcr die Art der Darstellung liegt bei der FGW (alle Rechte vorbehalten).<\/p>\n","protected":false},"excerpt":{"rendered":"<p>Impressum INFORMATIONEN ZUM SEITENINHABER Frauengemeinschaft WidnauFabienne Graber, Pr\u00e4sidentinMeierenaustrasse 219443 Widnaupraesidentin@fmgwidnau.ch INHALT UND LINKS Die Frauengemeinschaft Widnau (nachfolgend FGW genannt) \u00fcbernimmt keine Haftung und Verantwortung f\u00fcr die Inhalte, Produkte, Leistungen oder Objekte, die auf den durch die Links erreichbaren Seiten angeboten werden. Jegliche Haftung der FGW (einschliesslich Fahrl\u00e4ssigkeit) f\u00fcr Sch\u00e4den oder Folgesch\u00e4den, die sich aus dem [&hellip;]<\/p>\n","protected":false},"author":4,"featured_media":0,"parent":0,"menu_order":0,"comment_status":"closed","ping_status":"closed","template":"","meta":{"_acf_changed":false,"footnotes":""},"class_list":["post-2593","page","type-page","status-publish","hentry"],"acf":[],"_links":{"self":[{"href":"https:\/\/fgwidnau.ch\/index.php\/wp-json\/wp\/v2\/pages\/2593","targetHints":{"allow":["GET"]}}],"collection":[{"href":"https:\/\/fgwidnau.ch\/index.php\/wp-json\/wp\/v2\/pages"}],"about":[{"href":"https:\/\/fgwidnau.ch\/index.php\/wp-json\/wp\/v2\/types\/page"}],"author":[{"embeddable":true,"href":"https:\/\/fgwidnau.ch\/index.php\/wp-json\/wp\/v2\/users\/4"}],"replies":[{"embeddable":true,"href":"https:\/\/fgwidnau.ch\/index.php\/wp-json\/wp\/v2\/comments?post=2593"}],"version-history":[{"count":16,"href":"https:\/\/fgwidnau.ch\/index.php\/wp-json\/wp\/v2\/pages\/2593\/revisions"}],"predecessor-version":[{"id":6005,"href":"https:\/\/fgwidnau.ch\/index.php\/wp-json\/wp\/v2\/pages\/2593\/revisions\/6005"}],"wp:attachment":[{"href":"https:\/\/fgwidnau.ch\/index.php\/wp-json\/wp\/v2\/media?parent=2593"}],"curies":[{"name":"wp","href":"https:\/\/api.w.org\/{rel}","templated":true}]}}