{"id":159,"date":"2020-03-15T11:25:38","date_gmt":"2020-03-15T11:25:38","guid":{"rendered":"https:\/\/fmgwidnau.ch\/?page_id=159"},"modified":"2026-03-16T17:20:01","modified_gmt":"2026-03-16T16:20:01","slug":"vorstand","status":"publish","type":"page","link":"https:\/\/fgwidnau.ch\/index.php\/vorstand\/","title":{"rendered":"Vorstand"},"content":{"rendered":"\n<h1 class=\"wp-block-heading has-text-align-center\">Vorstand<\/h1>\n\n\n\n<div class=\"wp-block-columns is-layout-flex wp-container-core-columns-is-layout-9d6595d7 wp-block-columns-is-layout-flex\">\n<div class=\"wp-block-column is-layout-flow wp-block-column-is-layout-flow\">\n<div class=\"wp-block-media-text is-stacked-on-mobile\" style=\"grid-template-columns:33% auto\"><figure class=\"wp-block-media-text__media\"><img loading=\"lazy\" decoding=\"async\" width=\"683\" height=\"1024\" src=\"https:\/\/if01mpbqpmm.preview.infomaniak.website\/wp-content\/uploads\/2022\/11\/20220822_185652_TeamFotos-683x1024.jpg\" alt=\"\" class=\"wp-image-3725 size-full\" srcset=\"https:\/\/fgwidnau.ch\/wp-content\/uploads\/2022\/11\/20220822_185652_TeamFotos-683x1024.jpg 683w, https:\/\/fgwidnau.ch\/wp-content\/uploads\/2022\/11\/20220822_185652_TeamFotos-200x300.jpg 200w, https:\/\/fgwidnau.ch\/wp-content\/uploads\/2022\/11\/20220822_185652_TeamFotos-768x1152.jpg 768w, https:\/\/fgwidnau.ch\/wp-content\/uploads\/2022\/11\/20220822_185652_TeamFotos-1024x1536.jpg 1024w, https:\/\/fgwidnau.ch\/wp-content\/uploads\/2022\/11\/20220822_185652_TeamFotos-1366x2048.jpg 1366w, https:\/\/fgwidnau.ch\/wp-content\/uploads\/2022\/11\/20220822_185652_TeamFotos-1200x1799.jpg 1200w, https:\/\/fgwidnau.ch\/wp-content\/uploads\/2022\/11\/20220822_185652_TeamFotos-1980x2969.jpg 1980w, https:\/\/fgwidnau.ch\/wp-content\/uploads\/2022\/11\/20220822_185652_TeamFotos-scaled.jpg 1707w\" sizes=\"auto, (max-width: 683px) 100vw, 683px\" \/><\/figure><div class=\"wp-block-media-text__content\">\n<p><strong>Fabienne Graber<\/strong><br>Pr\u00e4sidentin<br>&#8212;<br><a href=\"mailto:praesidentin@fgwidnau.ch\" data-type=\"mailto\" data-id=\"mailto:praesidentin@fgwidnau.ch\">praesidentin@fgwidnau.ch<\/a><\/p>\n<\/div><\/div>\n<\/div>\n\n\n\n<div class=\"wp-block-column is-layout-flow wp-block-column-is-layout-flow\">\n<div class=\"wp-block-media-text is-stacked-on-mobile\" style=\"grid-template-columns:33% auto\"><figure class=\"wp-block-media-text__media\"><img loading=\"lazy\" decoding=\"async\" width=\"683\" height=\"1024\" src=\"https:\/\/fgwidnau.ch\/wp-content\/uploads\/2025\/12\/DSCF4284_SW_ausschnitt-1-683x1024.jpg\" alt=\"\" class=\"wp-image-6713 size-full\" srcset=\"https:\/\/fgwidnau.ch\/wp-content\/uploads\/2025\/12\/DSCF4284_SW_ausschnitt-1-683x1024.jpg 683w, https:\/\/fgwidnau.ch\/wp-content\/uploads\/2025\/12\/DSCF4284_SW_ausschnitt-1-200x300.jpg 200w, https:\/\/fgwidnau.ch\/wp-content\/uploads\/2025\/12\/DSCF4284_SW_ausschnitt-1-768x1152.jpg 768w, https:\/\/fgwidnau.ch\/wp-content\/uploads\/2025\/12\/DSCF4284_SW_ausschnitt-1-1024x1536.jpg 1024w, https:\/\/fgwidnau.ch\/wp-content\/uploads\/2025\/12\/DSCF4284_SW_ausschnitt-1-1366x2048.jpg 1366w, https:\/\/fgwidnau.ch\/wp-content\/uploads\/2025\/12\/DSCF4284_SW_ausschnitt-1-1200x1800.jpg 1200w, https:\/\/fgwidnau.ch\/wp-content\/uploads\/2025\/12\/DSCF4284_SW_ausschnitt-1-1980x2970.jpg 1980w, https:\/\/fgwidnau.ch\/wp-content\/uploads\/2025\/12\/DSCF4284_SW_ausschnitt-1-scaled.jpg 1707w\" sizes=\"auto, (max-width: 683px) 100vw, 683px\" \/><\/figure><div class=\"wp-block-media-text__content\">\n<p><strong>Stefania Pelusi<\/strong><br>Kassierin<br>&#8212;<br><a href=\"mailto:kassierin@fgwidnau.ch\" data-type=\"mailto\" data-id=\"mailto:kassierin@fgwidnau.ch\">kassierin@fgwidnau.ch<\/a><\/p>\n<\/div><\/div>\n<\/div>\n<\/div>\n\n\n\n<div class=\"wp-block-columns is-layout-flex wp-container-core-columns-is-layout-9d6595d7 wp-block-columns-is-layout-flex\">\n<div class=\"wp-block-column is-layout-flow wp-block-column-is-layout-flow\">\n<div class=\"wp-block-media-text is-stacked-on-mobile\" style=\"grid-template-columns:33% auto\"><figure class=\"wp-block-media-text__media\"><img loading=\"lazy\" decoding=\"async\" width=\"683\" height=\"1024\" src=\"https:\/\/fgwidnau.ch\/wp-content\/uploads\/2025\/12\/DSCF4280_SW_ausschnitt-683x1024.jpg\" alt=\"\" class=\"wp-image-6712 size-full\" srcset=\"https:\/\/fgwidnau.ch\/wp-content\/uploads\/2025\/12\/DSCF4280_SW_ausschnitt-683x1024.jpg 683w, https:\/\/fgwidnau.ch\/wp-content\/uploads\/2025\/12\/DSCF4280_SW_ausschnitt-200x300.jpg 200w, https:\/\/fgwidnau.ch\/wp-content\/uploads\/2025\/12\/DSCF4280_SW_ausschnitt-768x1152.jpg 768w, https:\/\/fgwidnau.ch\/wp-content\/uploads\/2025\/12\/DSCF4280_SW_ausschnitt-1024x1536.jpg 1024w, https:\/\/fgwidnau.ch\/wp-content\/uploads\/2025\/12\/DSCF4280_SW_ausschnitt-1366x2048.jpg 1366w, https:\/\/fgwidnau.ch\/wp-content\/uploads\/2025\/12\/DSCF4280_SW_ausschnitt-1200x1800.jpg 1200w, https:\/\/fgwidnau.ch\/wp-content\/uploads\/2025\/12\/DSCF4280_SW_ausschnitt-1980x2970.jpg 1980w, https:\/\/fgwidnau.ch\/wp-content\/uploads\/2025\/12\/DSCF4280_SW_ausschnitt-scaled.jpg 1707w\" sizes=\"auto, (max-width: 683px) 100vw, 683px\" \/><\/figure><div class=\"wp-block-media-text__content\">\n<p><strong>Samantha Pelusi<\/strong><br>Aktuarin<br>&#8212;<br><a href=\"mailto:aktuarin@fgwidnau.ch\" data-type=\"mailto\" data-id=\"mailto:aktuarin@fgwidnau.ch\">aktuarin@fgwidnau.ch<\/a><\/p>\n<\/div><\/div>\n<\/div>\n\n\n\n<div class=\"wp-block-column is-layout-flow wp-block-column-is-layout-flow\">\n<div class=\"wp-block-media-text is-stacked-on-mobile\" style=\"grid-template-columns:33% auto\"><figure class=\"wp-block-media-text__media\"><img loading=\"lazy\" decoding=\"async\" width=\"683\" height=\"1024\" src=\"https:\/\/fgwidnau.ch\/wp-content\/uploads\/2025\/12\/DSCF4275_SW_ausschnitt-683x1024.jpg\" alt=\"\" class=\"wp-image-6714 size-full\" srcset=\"https:\/\/fgwidnau.ch\/wp-content\/uploads\/2025\/12\/DSCF4275_SW_ausschnitt-683x1024.jpg 683w, https:\/\/fgwidnau.ch\/wp-content\/uploads\/2025\/12\/DSCF4275_SW_ausschnitt-200x300.jpg 200w, https:\/\/fgwidnau.ch\/wp-content\/uploads\/2025\/12\/DSCF4275_SW_ausschnitt-768x1152.jpg 768w, https:\/\/fgwidnau.ch\/wp-content\/uploads\/2025\/12\/DSCF4275_SW_ausschnitt-1024x1536.jpg 1024w, https:\/\/fgwidnau.ch\/wp-content\/uploads\/2025\/12\/DSCF4275_SW_ausschnitt-1365x2048.jpg 1365w, https:\/\/fgwidnau.ch\/wp-content\/uploads\/2025\/12\/DSCF4275_SW_ausschnitt-1200x1800.jpg 1200w, https:\/\/fgwidnau.ch\/wp-content\/uploads\/2025\/12\/DSCF4275_SW_ausschnitt-1980x2970.jpg 1980w, https:\/\/fgwidnau.ch\/wp-content\/uploads\/2025\/12\/DSCF4275_SW_ausschnitt-scaled.jpg 1706w\" sizes=\"auto, (max-width: 683px) 100vw, 683px\" \/><\/figure><div class=\"wp-block-media-text__content\">\n<p><strong>C\u00e9line Tanner<\/strong><br>Teamleiterin Jungm\u00fctterrunde<br>&#8212;<br><a href=\"mailto:jmr@fgwidnau.ch\">jmr@fgwidnau.ch<\/a><\/p>\n<\/div><\/div>\n<\/div>\n<\/div>\n\n\n\n<div class=\"wp-block-columns is-layout-flex wp-container-core-columns-is-layout-9d6595d7 wp-block-columns-is-layout-flex\">\n<div class=\"wp-block-column is-layout-flow wp-block-column-is-layout-flow\">\n<div class=\"wp-block-media-text is-stacked-on-mobile\" style=\"grid-template-columns:33% auto\"><figure class=\"wp-block-media-text__media\"><img loading=\"lazy\" decoding=\"async\" width=\"683\" height=\"1024\" src=\"https:\/\/if01mpbqpmm.preview.infomaniak.website\/wp-content\/uploads\/2022\/11\/20220822_190250_TeamFotos-Kopie-683x1024.jpg\" alt=\"\" class=\"wp-image-3726 size-full\" srcset=\"https:\/\/fgwidnau.ch\/wp-content\/uploads\/2022\/11\/20220822_190250_TeamFotos-Kopie-683x1024.jpg 683w, https:\/\/fgwidnau.ch\/wp-content\/uploads\/2022\/11\/20220822_190250_TeamFotos-Kopie-200x300.jpg 200w, https:\/\/fgwidnau.ch\/wp-content\/uploads\/2022\/11\/20220822_190250_TeamFotos-Kopie-768x1152.jpg 768w, https:\/\/fgwidnau.ch\/wp-content\/uploads\/2022\/11\/20220822_190250_TeamFotos-Kopie-1024x1536.jpg 1024w, https:\/\/fgwidnau.ch\/wp-content\/uploads\/2022\/11\/20220822_190250_TeamFotos-Kopie-1366x2048.jpg 1366w, https:\/\/fgwidnau.ch\/wp-content\/uploads\/2022\/11\/20220822_190250_TeamFotos-Kopie-1200x1799.jpg 1200w, https:\/\/fgwidnau.ch\/wp-content\/uploads\/2022\/11\/20220822_190250_TeamFotos-Kopie-1980x2969.jpg 1980w, https:\/\/fgwidnau.ch\/wp-content\/uploads\/2022\/11\/20220822_190250_TeamFotos-Kopie-scaled.jpg 1707w\" sizes=\"auto, (max-width: 683px) 100vw, 683px\" \/><\/figure><div class=\"wp-block-media-text__content\">\n<p><strong>Rebecca L\u00fcchinger<\/strong><br>Teamleiterin Prim-El-Club<br>&#8212;<br><a href=\"mailto:primelclub@fgwidnau.ch\" data-type=\"mailto\" data-id=\"mailto:primelclub@fgwidnau.ch\">primelclub@fgwidnau.ch<\/a><\/p>\n<\/div><\/div>\n<\/div>\n\n\n\n<div class=\"wp-block-column is-layout-flow wp-block-column-is-layout-flow\">\n<div class=\"wp-block-media-text is-stacked-on-mobile\" style=\"grid-template-columns:33% auto\"><figure class=\"wp-block-media-text__media\"><img loading=\"lazy\" decoding=\"async\" width=\"683\" height=\"1024\" src=\"https:\/\/if01mpbqpmm.preview.infomaniak.website\/wp-content\/uploads\/2022\/11\/20220822_191327_TeamFotos-Kopie-683x1024.jpg\" alt=\"\" class=\"wp-image-3733 size-full\" srcset=\"https:\/\/fgwidnau.ch\/wp-content\/uploads\/2022\/11\/20220822_191327_TeamFotos-Kopie-683x1024.jpg 683w, https:\/\/fgwidnau.ch\/wp-content\/uploads\/2022\/11\/20220822_191327_TeamFotos-Kopie-200x300.jpg 200w, https:\/\/fgwidnau.ch\/wp-content\/uploads\/2022\/11\/20220822_191327_TeamFotos-Kopie-768x1151.jpg 768w, https:\/\/fgwidnau.ch\/wp-content\/uploads\/2022\/11\/20220822_191327_TeamFotos-Kopie-1025x1536.jpg 1025w, https:\/\/fgwidnau.ch\/wp-content\/uploads\/2022\/11\/20220822_191327_TeamFotos-Kopie-1366x2048.jpg 1366w, https:\/\/fgwidnau.ch\/wp-content\/uploads\/2022\/11\/20220822_191327_TeamFotos-Kopie-1200x1799.jpg 1200w, https:\/\/fgwidnau.ch\/wp-content\/uploads\/2022\/11\/20220822_191327_TeamFotos-Kopie-1980x2968.jpg 1980w, https:\/\/fgwidnau.ch\/wp-content\/uploads\/2022\/11\/20220822_191327_TeamFotos-Kopie-scaled.jpg 1708w\" sizes=\"auto, (max-width: 683px) 100vw, 683px\" \/><\/figure><div class=\"wp-block-media-text__content\">\n<p><strong>Sina Schicho<\/strong><br>Medien<br>&#8212;<br><a href=\"mailto:medien@fgwidnau.ch\" data-type=\"mailto\" data-id=\"mailto:medien@fgwidnau.ch\">medien@fgwidnau.ch<\/a><\/p>\n<\/div><\/div>\n<\/div>\n<\/div>\n\n\n\n<div class=\"wp-block-columns is-layout-flex wp-container-core-columns-is-layout-9d6595d7 wp-block-columns-is-layout-flex\">\n<div class=\"wp-block-column is-layout-flow wp-block-column-is-layout-flow\">\n<div class=\"wp-block-media-text is-stacked-on-mobile\" style=\"grid-template-columns:33% auto\"><figure class=\"wp-block-media-text__media\"><img loading=\"lazy\" decoding=\"async\" width=\"680\" height=\"1024\" src=\"https:\/\/if01mpbqpmm.preview.infomaniak.website\/wp-content\/uploads\/2022\/11\/20220822_190615_TeamFotos-Kopie-scaled-e1669468481830-680x1024.jpg\" alt=\"\" class=\"wp-image-3734 size-full\" srcset=\"https:\/\/fgwidnau.ch\/wp-content\/uploads\/2022\/11\/20220822_190615_TeamFotos-Kopie-scaled-e1669468481830-680x1024.jpg 680w, https:\/\/fgwidnau.ch\/wp-content\/uploads\/2022\/11\/20220822_190615_TeamFotos-Kopie-scaled-e1669468481830-199x300.jpg 199w, https:\/\/fgwidnau.ch\/wp-content\/uploads\/2022\/11\/20220822_190615_TeamFotos-Kopie-scaled-e1669468481830-768x1157.jpg 768w, https:\/\/fgwidnau.ch\/wp-content\/uploads\/2022\/11\/20220822_190615_TeamFotos-Kopie-scaled-e1669468481830-1019x1536.jpg 1019w, https:\/\/fgwidnau.ch\/wp-content\/uploads\/2022\/11\/20220822_190615_TeamFotos-Kopie-scaled-e1669468481830-1359x2048.jpg 1359w, https:\/\/fgwidnau.ch\/wp-content\/uploads\/2022\/11\/20220822_190615_TeamFotos-Kopie-scaled-e1669468481830-1200x1808.jpg 1200w, https:\/\/fgwidnau.ch\/wp-content\/uploads\/2022\/11\/20220822_190615_TeamFotos-Kopie-scaled-e1669468481830.jpg 1529w\" sizes=\"auto, (max-width: 680px) 100vw, 680px\" \/><\/figure><div class=\"wp-block-media-text__content\">\n<p><strong>Marlen Kaiser<\/strong><br>Kirchliche Anl\u00e4sse<br>&#8212;<br>071 722 49 84<\/p>\n<\/div><\/div>\n<\/div>\n\n\n\n<div class=\"wp-block-column is-layout-flow wp-block-column-is-layout-flow\">\n<div class=\"wp-block-media-text is-stacked-on-mobile\" style=\"grid-template-columns:33% auto\"><figure class=\"wp-block-media-text__media\"><img loading=\"lazy\" decoding=\"async\" width=\"683\" height=\"1024\" src=\"https:\/\/if01mpbqpmm.preview.infomaniak.website\/wp-content\/uploads\/2022\/11\/20220822_190749_TeamFotos-Kopie-683x1024.jpg\" alt=\"\" class=\"wp-image-3730 size-full\" srcset=\"https:\/\/fgwidnau.ch\/wp-content\/uploads\/2022\/11\/20220822_190749_TeamFotos-Kopie-683x1024.jpg 683w, https:\/\/fgwidnau.ch\/wp-content\/uploads\/2022\/11\/20220822_190749_TeamFotos-Kopie-200x300.jpg 200w, https:\/\/fgwidnau.ch\/wp-content\/uploads\/2022\/11\/20220822_190749_TeamFotos-Kopie-768x1151.jpg 768w, https:\/\/fgwidnau.ch\/wp-content\/uploads\/2022\/11\/20220822_190749_TeamFotos-Kopie-1025x1536.jpg 1025w, https:\/\/fgwidnau.ch\/wp-content\/uploads\/2022\/11\/20220822_190749_TeamFotos-Kopie-1366x2048.jpg 1366w, https:\/\/fgwidnau.ch\/wp-content\/uploads\/2022\/11\/20220822_190749_TeamFotos-Kopie-1200x1799.jpg 1200w, https:\/\/fgwidnau.ch\/wp-content\/uploads\/2022\/11\/20220822_190749_TeamFotos-Kopie-1980x2968.jpg 1980w, https:\/\/fgwidnau.ch\/wp-content\/uploads\/2022\/11\/20220822_190749_TeamFotos-Kopie-scaled.jpg 1708w\" sizes=\"auto, (max-width: 683px) 100vw, 683px\" \/><\/figure><div class=\"wp-block-media-text__content\">\n<p><strong>Petra Spirig<\/strong><br>Krankenbesucherinnen<br>&#8212;<br>071 722 58 20<br><a href=\"mailto:p.spirig@gmx.ch\">p.spirig@gmx.ch<\/a><\/p>\n<\/div><\/div>\n<\/div>\n<\/div>\n\n\n\n<div class=\"wp-block-columns is-layout-flex wp-container-core-columns-is-layout-9d6595d7 wp-block-columns-is-layout-flex\">\n<div class=\"wp-block-column is-layout-flow wp-block-column-is-layout-flow\">\n<div class=\"wp-block-media-text is-stacked-on-mobile\" style=\"grid-template-columns:33% auto\"><figure class=\"wp-block-media-text__media\"><img loading=\"lazy\" decoding=\"async\" width=\"683\" height=\"1024\" src=\"https:\/\/if01mpbqpmm.preview.infomaniak.website\/wp-content\/uploads\/2022\/11\/20220822_190440_TeamFotos-Kopie-683x1024.jpg\" alt=\"\" class=\"wp-image-3728 size-full\" srcset=\"https:\/\/fgwidnau.ch\/wp-content\/uploads\/2022\/11\/20220822_190440_TeamFotos-Kopie-683x1024.jpg 683w, https:\/\/fgwidnau.ch\/wp-content\/uploads\/2022\/11\/20220822_190440_TeamFotos-Kopie-200x300.jpg 200w, https:\/\/fgwidnau.ch\/wp-content\/uploads\/2022\/11\/20220822_190440_TeamFotos-Kopie-768x1151.jpg 768w, https:\/\/fgwidnau.ch\/wp-content\/uploads\/2022\/11\/20220822_190440_TeamFotos-Kopie-1025x1536.jpg 1025w, https:\/\/fgwidnau.ch\/wp-content\/uploads\/2022\/11\/20220822_190440_TeamFotos-Kopie-1366x2048.jpg 1366w, https:\/\/fgwidnau.ch\/wp-content\/uploads\/2022\/11\/20220822_190440_TeamFotos-Kopie-1200x1799.jpg 1200w, https:\/\/fgwidnau.ch\/wp-content\/uploads\/2022\/11\/20220822_190440_TeamFotos-Kopie-1980x2968.jpg 1980w, https:\/\/fgwidnau.ch\/wp-content\/uploads\/2022\/11\/20220822_190440_TeamFotos-Kopie-scaled.jpg 1708w\" sizes=\"auto, (max-width: 683px) 100vw, 683px\" \/><\/figure><div class=\"wp-block-media-text__content\">\n<p><strong>Christine Barmettler-G\u00e4chter<\/strong><br>Jubilarinnen<br>&#8212;<br>079 220 07 38<\/p>\n<\/div><\/div>\n<\/div>\n\n\n\n<div class=\"wp-block-column is-layout-flow wp-block-column-is-layout-flow\">\n<div class=\"wp-block-media-text is-stacked-on-mobile\" style=\"grid-template-columns:33% auto\"><figure class=\"wp-block-media-text__media\"><img loading=\"lazy\" decoding=\"async\" width=\"700\" height=\"1024\" src=\"https:\/\/if01mpbqpmm.preview.infomaniak.website\/wp-content\/uploads\/2023\/11\/20230821_185530_SW-700x1024.jpg\" alt=\"\" class=\"wp-image-4315 size-full\" srcset=\"https:\/\/fgwidnau.ch\/wp-content\/uploads\/2023\/11\/20230821_185530_SW-700x1024.jpg 700w, https:\/\/fgwidnau.ch\/wp-content\/uploads\/2023\/11\/20230821_185530_SW-205x300.jpg 205w, https:\/\/fgwidnau.ch\/wp-content\/uploads\/2023\/11\/20230821_185530_SW-768x1124.jpg 768w, https:\/\/fgwidnau.ch\/wp-content\/uploads\/2023\/11\/20230821_185530_SW-1050x1536.jpg 1050w, https:\/\/fgwidnau.ch\/wp-content\/uploads\/2023\/11\/20230821_185530_SW-1400x2048.jpg 1400w, https:\/\/fgwidnau.ch\/wp-content\/uploads\/2023\/11\/20230821_185530_SW-1200x1756.jpg 1200w, https:\/\/fgwidnau.ch\/wp-content\/uploads\/2023\/11\/20230821_185530_SW.jpg 1455w\" sizes=\"auto, (max-width: 700px) 100vw, 700px\" \/><\/figure><div class=\"wp-block-media-text__content\">\n<p><strong>Nicole Stutz<\/strong><br>3&#215;20 J\u00e4hrige<br>&#8212;<br>079 216 08 17<\/p>\n<\/div><\/div>\n<\/div>\n<\/div>\n\n\n\n<div class=\"wp-block-columns is-layout-flex wp-container-core-columns-is-layout-9d6595d7 wp-block-columns-is-layout-flex\">\n<div class=\"wp-block-column is-layout-flow wp-block-column-is-layout-flow\"><\/div>\n\n\n\n<div class=\"wp-block-column is-layout-flow wp-block-column-is-layout-flow\"><\/div>\n<\/div>\n","protected":false},"excerpt":{"rendered":"<p>Vorstand Fabienne GraberPr\u00e4sidentin&#8212;praesidentin@fgwidnau.ch Stefania PelusiKassierin&#8212;kassierin@fgwidnau.ch Samantha PelusiAktuarin&#8212;aktuarin@fgwidnau.ch C\u00e9line TannerTeamleiterin Jungm\u00fctterrunde&#8212;jmr@fgwidnau.ch Rebecca L\u00fcchingerTeamleiterin Prim-El-Club&#8212;primelclub@fgwidnau.ch Sina SchichoMedien&#8212;medien@fgwidnau.ch Marlen KaiserKirchliche Anl\u00e4sse&#8212;071 722 49 84 Petra SpirigKrankenbesucherinnen&#8212;071 722 58 20p.spirig@gmx.ch Christine Barmettler-G\u00e4chterJubilarinnen&#8212;079 220 07 38 Nicole Stutz3&#215;20 J\u00e4hrige&#8212;079 216 08 17<\/p>\n","protected":false},"author":4,"featured_media":0,"parent":0,"menu_order":0,"comment_status":"closed","ping_status":"closed","template":"","meta":{"_acf_changed":false,"footnotes":""},"class_list":["post-159","page","type-page","status-publish","hentry"],"acf":[],"_links":{"self":[{"href":"https:\/\/fgwidnau.ch\/index.php\/wp-json\/wp\/v2\/pages\/159","targetHints":{"allow":["GET"]}}],"collection":[{"href":"https:\/\/fgwidnau.ch\/index.php\/wp-json\/wp\/v2\/pages"}],"about":[{"href":"https:\/\/fgwidnau.ch\/index.php\/wp-json\/wp\/v2\/types\/page"}],"author":[{"embeddable":true,"href":"https:\/\/fgwidnau.ch\/index.php\/wp-json\/wp\/v2\/users\/4"}],"replies":[{"embeddable":true,"href":"https:\/\/fgwidnau.ch\/index.php\/wp-json\/wp\/v2\/comments?post=159"}],"version-history":[{"count":54,"href":"https:\/\/fgwidnau.ch\/index.php\/wp-json\/wp\/v2\/pages\/159\/revisions"}],"predecessor-version":[{"id":7077,"href":"https:\/\/fgwidnau.ch\/index.php\/wp-json\/wp\/v2\/pages\/159\/revisions\/7077"}],"wp:attachment":[{"href":"https:\/\/fgwidnau.ch\/index.php\/wp-json\/wp\/v2\/media?parent=159"}],"curies":[{"name":"wp","href":"https:\/\/api.w.org\/{rel}","templated":true}]}}