{"id":13,"date":"2020-02-26T20:37:41","date_gmt":"2020-02-26T20:37:41","guid":{"rendered":"https:\/\/fmgwidnau.ch\/?page_id=13"},"modified":"2025-12-30T14:49:17","modified_gmt":"2025-12-30T13:49:17","slug":"home","status":"publish","type":"page","link":"https:\/\/fgwidnau.ch\/","title":{"rendered":"Home"},"content":{"rendered":"\n<h1 class=\"wp-block-heading has-text-align-center\">Frauengemeinschaft Widnau<\/h1>\n\n\n\n<div style=\"height:20px\" aria-hidden=\"true\" class=\"wp-block-spacer\"><\/div>\n\n\n\n<figure class=\"wp-block-image size-large\"><img loading=\"lazy\" decoding=\"async\" width=\"1024\" height=\"683\" src=\"http:\/\/fgwidnau.ch\/wp-content\/uploads\/2025\/12\/DSCF4304-1024x683.jpg\" alt=\"\" class=\"wp-image-6721\" srcset=\"https:\/\/fgwidnau.ch\/wp-content\/uploads\/2025\/12\/DSCF4304-1024x683.jpg 1024w, https:\/\/fgwidnau.ch\/wp-content\/uploads\/2025\/12\/DSCF4304-300x200.jpg 300w, https:\/\/fgwidnau.ch\/wp-content\/uploads\/2025\/12\/DSCF4304-768x512.jpg 768w, https:\/\/fgwidnau.ch\/wp-content\/uploads\/2025\/12\/DSCF4304-391x260.jpg 391w, https:\/\/fgwidnau.ch\/wp-content\/uploads\/2025\/12\/DSCF4304-1536x1024.jpg 1536w, https:\/\/fgwidnau.ch\/wp-content\/uploads\/2025\/12\/DSCF4304-2048x1366.jpg 2048w, https:\/\/fgwidnau.ch\/wp-content\/uploads\/2025\/12\/DSCF4304-1200x800.jpg 1200w, https:\/\/fgwidnau.ch\/wp-content\/uploads\/2025\/12\/DSCF4304-1980x1320.jpg 1980w\" sizes=\"auto, (max-width: 1024px) 100vw, 1024px\" \/><\/figure>\n\n\n\n<div style=\"height:35px\" aria-hidden=\"true\" class=\"wp-block-spacer\"><\/div>\n\n\n\n<h2 class=\"wp-block-heading has-text-align-center\">eine Gemeinschaft von Frauen<\/h2>\n\n\n\n<div style=\"height:30px\" aria-hidden=\"true\" class=\"wp-block-spacer\"><\/div>\n\n\n\n<h3 class=\"wp-block-heading has-text-align-center\">seit 1910<\/h3>\n\n\n\n<p class=\"has-text-align-left\">Die <strong>Frauengemeinschaft Widnau<\/strong> z\u00e4hlt aktuell 480 Mitglieder. Unsere Untergruppen organisieren mit viel Freude f\u00fcr Kinder und Frauen in Widnau verschiedene attraktive Anl\u00e4sse, Zusammentreffen und Ausfl\u00fcge. Wenn du dich gerne in unserem Verein engagieren m\u00f6chtest, oder einfach Mitglied werden willst, melde dich! Wir freuen uns auf dich!<br><br><strong>Der Vorstand<\/strong><br>Fabienne, Rebecca, Christine, Petra, Sina, Nicole,Stefania, Samantha<\/p>\n\n\n\n<div style=\"height:100px\" aria-hidden=\"true\" class=\"wp-block-spacer\"><\/div>\n\n\n\n<div class=\"wp-block-buttons is-content-justification-center is-layout-flex wp-container-core-buttons-is-layout-16018d1d wp-block-buttons-is-layout-flex\">\n<div class=\"wp-block-button\"><a class=\"wp-block-button__link wp-element-button\" href=\"https:\/\/fgwidnau.ch\/index.php\/kontakt\/\">Mitglied werden<\/a><\/div>\n<\/div>\n\n\n\n<div style=\"height:100px\" aria-hidden=\"true\" class=\"wp-block-spacer\"><\/div>\n\n\n\n<div class=\"alignnormal\"><div id=\"metaslider-id-5967\" style=\"width: 100%;\" class=\"ml-slider-3-103-0 metaslider metaslider-flex metaslider-5967 ml-slider has-dots-nav ms-theme-default-base\" role=\"region\" aria-label=\"New Slideshow\" data-height=\"300\" data-width=\"700\">\n    <div id=\"metaslider_container_5967\">\n        <div id=\"metaslider_5967\">\n            <ul class='slides'>\n                <li style=\"display: block; width: 100%;\" class=\"slide-5968 ms-image \" aria-roledescription=\"slide\" data-date=\"2025-04-23 21:42:21\" data-slide-type=\"image\"><img loading=\"lazy\" decoding=\"async\" src=\"https:\/\/fgwidnau.ch\/wp-content\/uploads\/2024\/12\/Adventsfeier_3x20_2024_12-scaled-700x300.jpg\" height=\"300\" width=\"700\" alt=\"\" class=\"slider-5967 slide-5968 msDefaultImage\" title=\"Adventsfeier_3x20_2024_12\" \/><\/li>\n                <li style=\"display: none; width: 100%;\" class=\"slide-5969 ms-image \" aria-roledescription=\"slide\" data-date=\"2025-04-23 21:43:01\" data-slide-type=\"image\"><img loading=\"lazy\" decoding=\"async\" src=\"https:\/\/fgwidnau.ch\/wp-content\/uploads\/2024\/12\/Adventsbasteln_2024_29-scaled-700x300.jpg\" height=\"300\" width=\"700\" alt=\"\" class=\"slider-5967 slide-5969 msDefaultImage\" title=\"Adventsbasteln_2024_29\" \/><\/li>\n                <li style=\"display: none; width: 100%;\" class=\"slide-5970 ms-image \" aria-roledescription=\"slide\" data-date=\"2025-04-23 21:43:49\" data-slide-type=\"image\"><img loading=\"lazy\" decoding=\"async\" src=\"https:\/\/fgwidnau.ch\/wp-content\/uploads\/2023\/09\/Vereinsausflug_16.9.23_26-scaled-700x300.jpg\" height=\"300\" width=\"700\" alt=\"\" class=\"slider-5967 slide-5970 msDefaultImage\" title=\"Vereinsausflug_16.9.23_26\" \/><\/li>\n            <\/ul>\n        <\/div>\n        \n    <\/div>\n<\/div><\/div>\n\n\n\n<div style=\"height:100px\" aria-hidden=\"true\" class=\"wp-block-spacer\"><\/div>\n\n\n\n<h2 class=\"wp-block-heading has-text-align-center\">eine Gemeinschaft von Frauen<\/h2>\n\n\n\n<div style=\"height:30px\" aria-hidden=\"true\" class=\"wp-block-spacer\"><\/div>\n\n\n\n<h3 class=\"wp-block-heading has-text-align-center\">organisiert<\/h3>\n\n\n\n<div class=\"mec-wrap mec-skin-grid-container  \" id=\"mec_skin_125\">\r\n\r\n    \r\n            <div class=\"mec-skin-grid-events-container\" id=\"mec_skin_events_125\">\r\n        <div class=\"mec-wrap colorskin-custom\">\n    <div class=\"mec-event-grid-modern\">\n        <div class=\"row\"><div class=\"col-md-4 col-sm-4\">        <script type=\"application\/ld+json\">\n        {\n            \"@context\" \t\t: \"http:\/\/schema.org\",\n            \"@type\" \t\t: \"Event\",\n            \"startDate\" \t: \"2026-01-05\",\n            \"endDate\" \t\t: \"2026-01-05\",\n            \"location\" \t\t:\n            {\n                \"@type\" \t\t: \"Place\",\n                \"name\" \t\t\t: \"Kirche\",\n                \"image\"\t\t\t: \"\",\n                \"address\"\t\t: \"R\u00fctistrasse 19, 9443 Widnau\"\n            },\n            \"offers\": {\n                \"url\": \"https:\/\/fgwidnau.ch\/index.php\/events\/rosenkranz\/\",\n                \"price\": \"\",\n                \"priceCurrency\" : \"CHF\"\n            },\n            \"performer\": \"\",\n            \"description\" \t: \"\",\n            \"image\" \t\t: \"\",\n            \"name\" \t\t\t: \"Rosenkranz\",\n            \"url\"\t\t\t: \"https:\/\/fgwidnau.ch\/index.php\/events\/rosenkranz\/\"\n        }\n        <\/script>\n        <article data-style=\"\" class=\"mec-past-event mec-event-article mec-clear \" itemscope>                    <div class=\"event-grid-modern-head clearfix\">\n                                    <div class=\"mec-event-date\"><span class=\"mec-start-date-label\">04<\/span><\/div>\n                    <div class=\"mec-event-month\"><span class=\"mec-start-date-label\">Mai<\/span><\/div>\n                                <div class=\"mec-event-day\">Montag<\/div>\n            <\/div>\n            <div class=\"mec-event-content\">\n                                <h4 class=\"mec-event-title\"><a class=\"mec-color-hover\" data-event-id=\"6916\" href=\"https:\/\/fgwidnau.ch\/index.php\/events\/rosenkranz\/\">Rosenkranz<\/a><span class=\"event-color\" style=\"background: #\"><\/span><\/h4>\n                <div class=\"mec-event-detail\">Kirche\n                <\/div>\n            <\/div>\n            <div class=\"mec-event-footer\">\n                <a class=\"mec-booking-button\" data-event-id=\"6916\" href=\"https:\/\/fgwidnau.ch\/index.php\/events\/rosenkranz\/\" target=\"_self\">Details<\/a>\n                            <\/div>\n        <\/article><\/div>                <div class=\"col-md-4 col-sm-4\">        <script type=\"application\/ld+json\">\n        {\n            \"@context\" \t\t: \"http:\/\/schema.org\",\n            \"@type\" \t\t: \"Event\",\n            \"startDate\" \t: \"2025-12-30\",\n            \"endDate\" \t\t: \"2025-12-30\",\n            \"location\" \t\t:\n            {\n                \"@type\" \t\t: \"Place\",\n                \"name\" \t\t\t: \"\",\n                \"image\"\t\t\t: \"\",\n                \"address\"\t\t: \"\"\n            },\n            \"offers\": {\n                \"url\": \"https:\/\/fgwidnau.ch\/index.php\/events\/morgengottesdienst\/\",\n                \"price\": \"\",\n                \"priceCurrency\" : \"CHF\"\n            },\n            \"performer\": \"\",\n            \"description\" \t: \"\",\n            \"image\" \t\t: \"\",\n            \"name\" \t\t\t: \"Morgengottesdienst\",\n            \"url\"\t\t\t: \"https:\/\/fgwidnau.ch\/index.php\/events\/morgengottesdienst\/\"\n        }\n        <\/script>\n        <article data-style=\"\" class=\"mec-past-event mec-event-article mec-clear \" itemscope>                    <div class=\"event-grid-modern-head clearfix\">\n                                    <div class=\"mec-event-date\"><span class=\"mec-start-date-label\">05<\/span><\/div>\n                    <div class=\"mec-event-month\"><span class=\"mec-start-date-label\">Mai<\/span><\/div>\n                                <div class=\"mec-event-day\">Dienstag<\/div>\n            <\/div>\n            <div class=\"mec-event-content\">\n                                <h4 class=\"mec-event-title\"><a class=\"mec-color-hover\" data-event-id=\"6918\" href=\"https:\/\/fgwidnau.ch\/index.php\/events\/morgengottesdienst\/\">Morgengottesdienst<\/a><span class=\"event-color\" style=\"background: #\"><\/span><\/h4>\n                <div class=\"mec-event-detail\">\n                <\/div>\n            <\/div>\n            <div class=\"mec-event-footer\">\n                <a class=\"mec-booking-button\" data-event-id=\"6918\" href=\"https:\/\/fgwidnau.ch\/index.php\/events\/morgengottesdienst\/\" target=\"_self\">Details<\/a>\n                            <\/div>\n        <\/article><\/div>                <div class=\"col-md-4 col-sm-4\">        <script type=\"application\/ld+json\">\n        {\n            \"@context\" \t\t: \"http:\/\/schema.org\",\n            \"@type\" \t\t: \"Event\",\n            \"startDate\" \t: \"2026-05-06\",\n            \"endDate\" \t\t: \"2026-05-06\",\n            \"location\" \t\t:\n            {\n                \"@type\" \t\t: \"Place\",\n                \"name\" \t\t\t: \"Moosanger\",\n                \"image\"\t\t\t: \"\",\n                \"address\"\t\t: \"\"\n            },\n            \"offers\": {\n                \"url\": \"https:\/\/fgwidnau.ch\/index.php\/events\/maiandacht-moosanger\/\",\n                \"price\": \"\",\n                \"priceCurrency\" : \"CHF\"\n            },\n            \"performer\": \"\",\n            \"description\" \t: \"\",\n            \"image\" \t\t: \"\",\n            \"name\" \t\t\t: \"Maiandacht Moosanger\",\n            \"url\"\t\t\t: \"https:\/\/fgwidnau.ch\/index.php\/events\/maiandacht-moosanger\/\"\n        }\n        <\/script>\n        <article data-style=\"\" class=\" mec-event-article mec-clear \" itemscope>                    <div class=\"event-grid-modern-head clearfix\">\n                                    <div class=\"mec-event-date\"><span class=\"mec-start-date-label\">06<\/span><\/div>\n                    <div class=\"mec-event-month\"><span class=\"mec-start-date-label\">Mai<\/span><\/div>\n                                <div class=\"mec-event-day\">Mittwoch<\/div>\n            <\/div>\n            <div class=\"mec-event-content\">\n                                <h4 class=\"mec-event-title\"><a class=\"mec-color-hover\" data-event-id=\"6928\" href=\"https:\/\/fgwidnau.ch\/index.php\/events\/maiandacht-moosanger\/\">Maiandacht Moosanger<\/a><span class=\"event-color\" style=\"background: #\"><\/span><\/h4>\n                <div class=\"mec-event-detail\">Moosanger\n                <\/div>\n            <\/div>\n            <div class=\"mec-event-footer\">\n                <a class=\"mec-booking-button\" data-event-id=\"6928\" href=\"https:\/\/fgwidnau.ch\/index.php\/events\/maiandacht-moosanger\/\" target=\"_self\">Details<\/a>\n                            <\/div>\n        <\/article><\/div><\/div>                        \t<\/div>\n<\/div>\n\n    <\/div>\r\n    <div class=\"mec-skin-grid-no-events-container mec-util-hidden\" id=\"mec_skin_no_events_125\">\r\n        Keine Veranstaltung gefunden    <\/div>\r\n    \r\n    \r\n<\/div>\r\n\n\n\n\n<div style=\"height:100px\" aria-hidden=\"true\" class=\"wp-block-spacer\"><\/div>\n\n\n\n<div class=\"wp-block-buttons is-content-justification-center is-layout-flex wp-container-core-buttons-is-layout-16018d1d wp-block-buttons-is-layout-flex\">\n<div class=\"wp-block-button\"><a class=\"wp-block-button__link wp-element-button\" href=\"https:\/\/fgwidnau.ch\/index.php\/jahresprogramm\/\">alle termine<\/a><\/div>\n<\/div>\n\n\n\n<h2 class=\"wp-block-heading has-text-align-center\"><\/h2>\n\n\n\n<div style=\"height:30px\" aria-hidden=\"true\" class=\"wp-block-spacer\"><\/div>\n\n\n\n<p><\/p>\n\n\n\n<div style=\"height:100px\" aria-hidden=\"true\" class=\"wp-block-spacer\"><\/div>\n\n\n\n<p><\/p>\n","protected":false},"excerpt":{"rendered":"<p>Frauengemeinschaft Widnau eine Gemeinschaft von Frauen seit 1910 Die Frauengemeinschaft Widnau z\u00e4hlt aktuell 480 Mitglieder. Unsere Untergruppen organisieren mit viel Freude f\u00fcr Kinder und Frauen in Widnau verschiedene attraktive Anl\u00e4sse, Zusammentreffen und Ausfl\u00fcge. Wenn du dich gerne in unserem Verein engagieren m\u00f6chtest, oder einfach Mitglied werden willst, melde dich! Wir freuen uns auf dich! Der [&hellip;]<\/p>\n","protected":false},"author":4,"featured_media":0,"parent":0,"menu_order":0,"comment_status":"closed","ping_status":"closed","template":"","meta":{"_acf_changed":false,"footnotes":""},"class_list":["post-13","page","type-page","status-publish","hentry"],"acf":[],"_links":{"self":[{"href":"https:\/\/fgwidnau.ch\/index.php\/wp-json\/wp\/v2\/pages\/13","targetHints":{"allow":["GET"]}}],"collection":[{"href":"https:\/\/fgwidnau.ch\/index.php\/wp-json\/wp\/v2\/pages"}],"about":[{"href":"https:\/\/fgwidnau.ch\/index.php\/wp-json\/wp\/v2\/types\/page"}],"author":[{"embeddable":true,"href":"https:\/\/fgwidnau.ch\/index.php\/wp-json\/wp\/v2\/users\/4"}],"replies":[{"embeddable":true,"href":"https:\/\/fgwidnau.ch\/index.php\/wp-json\/wp\/v2\/comments?post=13"}],"version-history":[{"count":106,"href":"https:\/\/fgwidnau.ch\/index.php\/wp-json\/wp\/v2\/pages\/13\/revisions"}],"predecessor-version":[{"id":6915,"href":"https:\/\/fgwidnau.ch\/index.php\/wp-json\/wp\/v2\/pages\/13\/revisions\/6915"}],"wp:attachment":[{"href":"https:\/\/fgwidnau.ch\/index.php\/wp-json\/wp\/v2\/media?parent=13"}],"curies":[{"name":"wp","href":"https:\/\/api.w.org\/{rel}","templated":true}]}}